{"id":167,"date":"2016-07-21T16:45:02","date_gmt":"2016-07-21T16:45:02","guid":{"rendered":"http:\/\/blog.katjalangholz.de\/?page_id=167"},"modified":"2016-07-23T11:50:37","modified_gmt":"2016-07-23T11:50:37","slug":"checkliste","status":"publish","type":"page","link":"http:\/\/schottland-mit-baby.de\/?page_id=167","title":{"rendered":"Checkliste"},"content":{"rendered":"<p>Was ben\u00f6tige ich alles? Hier werde ich in K\u00fcrze auflisten, was Ihr f\u00fcr einen Rundreise mit Baby ben\u00f6tigt wird.<\/p>\n<p>&nbsp;<\/p>\n<p><strong>1. Unsere Top-Anschaffungen f\u00fcr die Reise<br \/>\n<\/strong><\/p>\n<ul>\n<li><a href=\"https:\/\/www.amazon.de\/s\/ref=as_li_ss_tl?__mk_de_DE=%C3%85M%C3%85%C5%BD%C3%95%C3%91&amp;url=search-alias=baby&amp;field-keywords=hochstuhl+klappbar&amp;linkCode=ll2&amp;tag=schomitbaby-21&amp;linkId=c4cbd4b055d7f51e44c866b43563179f\">Reisehochstuhl<\/a>: gut verstaubar sollte er sein. Wir haben uns f\u00fcr den <a href=\"https:\/\/www.amazon.de\/IKEA-Kinderhochstuhl-Antilop-Babystuhl-WEISS\/dp\/B00A1CHA00\/ref=as_li_ss_tl?s=baby&amp;ie=UTF8&amp;qid=1469183671&amp;sr=1-4&amp;keywords=hochstuhl+klappbar&amp;linkCode=ll1&amp;tag=schomitbaby-21&amp;linkId=2777a0885112c52822efa20c966c4820\">Ikea Hochstuhl Antilop<\/a> entschieden, da er sehr g\u00fcnstig ist und auch bei diversen Tests sehr gut abgeschnitten hat. Man kann die Beine einfach abmontieren, daher passt er sehr gut in den Kofferraum. <a href=\"https:\/\/www.amazon.de\/s\/ref=as_li_ss_tl?__mk_de_DE=%C3%85M%C3%85%C5%BD%C3%95%C3%91&amp;url=search-alias=baby&amp;field-keywords=hochstuhl+klappbar&amp;linkCode=ll2&amp;tag=schomitbaby-21&amp;linkId=c4cbd4b055d7f51e44c866b43563179f\">Weitere Reisehochst\u00fchle <\/a><br \/>\n<img decoding=\"async\" loading=\"lazy\" style=\"border: none !important; margin: 0px !important;\" src=\"https:\/\/ir-de.amazon-adsystem.com\/e\/ir?t=schomitbaby-21&amp;l=li2&amp;o=3&amp;a=B00A1CWLZ4\" alt=\"\" width=\"1\" height=\"1\" border=\"0\" \/><a href=\"https:\/\/www.amazon.de\/Kinderhochstuhl-Tablett-Antilop-Babystuhl-WEISS\/dp\/B00A1CWLZ4\/ref=as_li_ss_il?s=baby&amp;ie=UTF8&amp;qid=1469185017&amp;sr=1-2&amp;keywords=hochstuhl+ikea&amp;linkCode=li2&amp;tag=schomitbaby-21&amp;linkId=87c66b2c94a4bcb4e35e43f57f4b1e04\" target=\"_blank\"><img decoding=\"async\" class=\"aligncenter\" src=\"\/\/ws-eu.amazon-adsystem.com\/widgets\/q?_encoding=UTF8&amp;ASIN=B00A1CWLZ4&amp;Format=_SL160_&amp;ID=AsinImage&amp;MarketPlace=DE&amp;ServiceVersion=20070822&amp;WS=1&amp;tag=schomitbaby-21\" border=\"0\" \/><\/a><\/li>\n<li><a href=\"https:\/\/www.amazon.de\/s\/ref=as_li_ss_tl?__mk_de_DE=%C3%85M%C3%85%C5%BD%C3%95%C3%91&amp;url=search-alias=baby&amp;field-keywords=buggy&amp;linkCode=ll2&amp;tag=schomitbaby-21&amp;linkId=42cfd2f5a0be93a575a846e95304dfc6\"><img decoding=\"async\" loading=\"lazy\" style=\"border: none !important; margin: 0px !important;\" src=\"https:\/\/ir-de.amazon-adsystem.com\/e\/ir?t=schomitbaby-21&amp;l=li2&amp;o=3&amp;a=B00A1CHA00\" alt=\"\" width=\"1\" height=\"1\" border=\"0\" \/><img decoding=\"async\" loading=\"lazy\" style=\"border: none !important; margin: 0px !important;\" src=\"https:\/\/ir-de.amazon-adsystem.com\/e\/ir?t=schomitbaby-21&amp;l=li1&amp;o=3&amp;a=B00A1CHA00\" alt=\"\" width=\"1\" height=\"1\" border=\"0\" \/><strong>Buggy<\/strong><\/a>: zusammenklappbar, leicht, Lehne verstellbar, das waren unsere Kriterien. Die Wahl fiel auf den <a href=\"https:\/\/www.amazon.de\/Perego-S1PM07RO01-Buggy-Pliko-Classico\/dp\/B014LG5HR4\/ref=as_li_ss_tl?s=baby&amp;ie=UTF8&amp;qid=1469184603&amp;sr=1-1&amp;keywords=peg+perego+mini&amp;linkCode=ll1&amp;tag=schomitbaby-21&amp;linkId=59ffcb59040c28c9190a6abcfa6d905f\">Peg Perego &#8222;Pliko Mini&#8220;<\/a>. Nur 5,7 kg, 3 fachverstellbar und schadstoffarm l\u00e4sst sich der Buggy ganz einfach auf und zusammenklappen. Preislich nicht ganz billig, daf\u00fcr aber ein sehr guter Buggy, der leicht zu h\u00e4ndeln ist und ein sicheres Fahrgef\u00fchl zul\u00e4sst, auch wenn die Wege mal holprig sind.\u00a0 <a href=\"https:\/\/www.amazon.de\/s\/ref=as_li_ss_tl?__mk_de_DE=%C3%85M%C3%85%C5%BD%C3%95%C3%91&amp;url=search-alias=baby&amp;field-keywords=buggy&amp;linkCode=ll2&amp;tag=schomitbaby-21&amp;linkId=42cfd2f5a0be93a575a846e95304dfc6\">Weitere Buggys<\/a><img decoding=\"async\" class=\"aligncenter\" src=\"\/\/ws-eu.amazon-adsystem.com\/widgets\/q?_encoding=UTF8&amp;ASIN=B014LG5HR4&amp;Format=_SL160_&amp;ID=AsinImage&amp;MarketPlace=DE&amp;ServiceVersion=20070822&amp;WS=1&amp;tag=schomitbaby-21\" border=\"0\" \/><\/li>\n<li><a href=\"http:\/\/amzn.to\/29RxACH\"><strong>Kraxe<\/strong><\/a>: beim Wandern einfach das Baby auf dem R\u00fccken mitnehmen. Die Tragen von <a href=\"https:\/\/www.amazon.de\/Deuter-Kinderkraxe-Comfort-graphite-spring-3650442070\/dp\/B00I5QVUZK\/ref=as_li_ss_tl?s=baby&amp;ie=UTF8&amp;qid=1469185433&amp;sr=1-1-spell&amp;keywords=deuter+kid+compfort+air&amp;linkCode=ll1&amp;tag=schomitbaby-21&amp;linkId=5de770bdf43fd8a26133436710247f9a\">Deuter Kid Comfort Air<\/a> mit Sonnendach und Regenschutz entspricht unseren Vorstellungen. Hiermit lassen sich tolle Wanderungen machen. <a href=\"http:\/\/amzn.to\/29RxACH\">Weitere Kraxen<\/a><br \/>\n<a href=\"https:\/\/www.amazon.de\/Deuter-Kinderkraxe-Comfort-graphite-spring-3650442070\/dp\/B00I5QVUZK\/ref=as_li_ss_il?s=baby&amp;ie=UTF8&amp;qid=1469185433&amp;sr=1-1-spell&amp;keywords=deuter+kid+compfort+air&amp;linkCode=li2&amp;tag=schomitbaby-21&amp;linkId=94a24a46a11f8fe6a1ec2ce6a948605a\" target=\"_blank\"><img decoding=\"async\" class=\"aligncenter\" src=\"\/\/ws-eu.amazon-adsystem.com\/widgets\/q?_encoding=UTF8&amp;ASIN=B00I5QVUZK&amp;Format=_SL160_&amp;ID=AsinImage&amp;MarketPlace=DE&amp;ServiceVersion=20070822&amp;WS=1&amp;tag=schomitbaby-21\" border=\"0\" \/><\/a><img decoding=\"async\" loading=\"lazy\" style=\"border: none !important; margin: 0px !important;\" src=\"https:\/\/ir-de.amazon-adsystem.com\/e\/ir?t=schomitbaby-21&amp;l=li2&amp;o=3&amp;a=B00I5QVUZK\" alt=\"\" width=\"1\" height=\"1\" border=\"0\" \/><\/li>\n<li><a href=\"http:\/\/amzn.to\/2a4YH0f\"><strong>Reisebett<\/strong><\/a>: schadstoffarm, seitlich zu \u00f6ffnen, mit Durchblick.\u00a0 In dem Reisebettchen <a href=\"http:\/\/amzn.to\/2a2e3yW\">Sleep &amp; Play von Hauck <\/a>f\u00fchlt sich unser Baby wohl. Im Wohnwagen ben\u00f6tigen wir zwar kein extra Reisebettchen, daf\u00fcr eignet sich das Bettchen super, um das Baby mal &#8222;sicherzustellen&#8220; und es an einem sicheren Platz spielen zu lassen. Au\u00dferdem wird ein Reisebettchen auf der F\u00e4hre ben\u00f6tigt. <a href=\"http:\/\/amzn.to\/2a4YH0f\">Weitere Reisebettchen<\/a><br \/>\n<a href=\"https:\/\/www.amazon.de\/Hauck-600719-Sleepn-inklusive-Schlupf\/dp\/B00NFW6C1Q\/ref=as_li_ss_il?s=baby&amp;ie=UTF8&amp;qid=1469185785&amp;sr=1-5&amp;keywords=reisebett+hauck+sleep+n+play&amp;linkCode=li2&amp;tag=schomitbaby-21&amp;linkId=0edede380475fbc7951102d2586a5b10\" target=\"_blank\"><img decoding=\"async\" class=\"aligncenter\" src=\"\/\/ws-eu.amazon-adsystem.com\/widgets\/q?_encoding=UTF8&amp;ASIN=B00NFW6C1Q&amp;Format=_SL160_&amp;ID=AsinImage&amp;MarketPlace=DE&amp;ServiceVersion=20070822&amp;WS=1&amp;tag=schomitbaby-21\" border=\"0\" \/><\/a><img decoding=\"async\" loading=\"lazy\" class=\"alignleft\" style=\"border: none !important; margin: 0px !important;\" src=\"https:\/\/ir-de.amazon-adsystem.com\/e\/ir?t=schomitbaby-21&amp;l=li2&amp;o=3&amp;a=B00NFW6C1Q\" alt=\"\" width=\"1\" height=\"1\" border=\"0\" \/><\/li>\n<\/ul>\n<p>&nbsp;<\/p>\n<p><strong>2. Vor der Reise<\/strong><\/p>\n<ul>\n<li>\u00a0Kinderausweis beantragen<\/li>\n<li type=\"_moz\">Krankenversicherung im Ausland f\u00fcr Schottland nicht extra ben\u00f6tig<\/li>\n<\/ul>\n<p>&nbsp;<\/p>\n<p><strong>3. Was geh\u00f6rt ins Reisegep\u00e4ck<\/strong><\/p>\n<ul>\n<li>Kleidung\n<ul>\n<li>Bodys<\/li>\n<li>Unterw\u00e4sche und Str\u00fcmpfe<\/li>\n<li>T-Shirts<\/li>\n<li>Leggins<\/li>\n<li>Hosen<\/li>\n<li>Outdoorjacke\/Regenjacke<\/li>\n<li>Matchhose<\/li>\n<li>M\u00fctze<\/li>\n<li>UV Kleidung<\/li>\n<li>feste Schuhe<\/li>\n<\/ul>\n<\/li>\n<li>Spielsachen\n<ul>\n<li>Lieblingsteddy<\/li>\n<li>Lieblingspuppe<\/li>\n<li>Spielsachen wie Bausteine, B\u00fccher<\/li>\n<li>Laufwagen (wenn Baby laufen lernt)<\/li>\n<li>Lieblingsmusik f\u00fcrs Auto<\/li>\n<\/ul>\n<\/li>\n<li>Pflegeartikel\n<ul>\n<li>Sonnenschutz<\/li>\n<li>Wickelsachen (Windeln, Feucht\u00fccher, Unterlagen, Creme,&#8230;)<\/li>\n<li>Badewanne<\/li>\n<li>Creme<\/li>\n<li>Haarb\u00fcrste<\/li>\n<li>Feuchtt\u00fccher<\/li>\n<li>M\u00fcckenschutz f\u00fcrs Baby (Lavendel\u00f6l, M\u00fcckensalbe,&#8230;)<\/li>\n<li>Kinderbesteck<\/li>\n<li>Fl\u00e4schchen<\/li>\n<li>Babynahrung<\/li>\n<li>L\u00e4tzchen<\/li>\n<\/ul>\n<\/li>\n<li>Verpflegung\n<ul>\n<li>Kinderbesteck<\/li>\n<li>Fl\u00e4schchen<\/li>\n<li>Babynahrung<\/li>\n<li>L\u00e4tzchen<\/li>\n<\/ul>\n<\/li>\n<li>Reiseapotheke\n<ul>\n<li>M\u00fcckenschutz f\u00fcrs Baby<\/li>\n<li>Nasenspray<\/li>\n<li>Fiebersaft\/Z\u00e4pfchen<\/li>\n<li>Thermometer<\/li>\n<li>Pflaster<\/li>\n<\/ul>\n<\/li>\n<li>Ausr\u00fcstung\n<ul>\n<li>Reisebett<\/li>\n<li>Hochstuhl<\/li>\n<li>Kindertrage\/Tuch<\/li>\n<li>Kraxe<\/li>\n<li>Autositz<\/li>\n<\/ul>\n<\/li>\n<\/ul>\n<p>&nbsp;<\/p>\n<p>&nbsp;<\/p>\n<p>&nbsp;<\/p>\n<div class=\"addtoany_share_save_container addtoany_content_bottom\"><div class=\"a2a_kit a2a_kit_size_32 addtoany_list\" data-a2a-url=\"http:\/\/schottland-mit-baby.de\/?page_id=167\" data-a2a-title=\"Checkliste\"><a class=\"a2a_button_facebook\" href=\"http:\/\/www.addtoany.com\/add_to\/facebook?linkurl=http%3A%2F%2Fschottland-mit-baby.de%2F%3Fpage_id%3D167&amp;linkname=Checkliste\" title=\"Facebook\" rel=\"nofollow\" target=\"_blank\"><\/a><a class=\"a2a_button_twitter\" href=\"http:\/\/www.addtoany.com\/add_to\/twitter?linkurl=http%3A%2F%2Fschottland-mit-baby.de%2F%3Fpage_id%3D167&amp;linkname=Checkliste\" title=\"Twitter\" rel=\"nofollow\" target=\"_blank\"><\/a><a class=\"a2a_button_google_plus\" href=\"http:\/\/www.addtoany.com\/add_to\/google_plus?linkurl=http%3A%2F%2Fschottland-mit-baby.de%2F%3Fpage_id%3D167&amp;linkname=Checkliste\" title=\"Google+\" rel=\"nofollow\" target=\"_blank\"><\/a><a class=\"a2a_dd addtoany_share_save\" href=\"https:\/\/www.addtoany.com\/share\"><\/a><\/div><\/div>","protected":false},"excerpt":{"rendered":"<p>Was ben\u00f6tige ich alles? Hier werde ich in K\u00fcrze auflisten, was Ihr f\u00fcr einen Rundreise mit Baby ben\u00f6tigt wird. &nbsp; 1. Unsere Top-Anschaffungen f\u00fcr die Reise Reisehochstuhl: gut verstaubar sollte er sein. Wir haben uns f\u00fcr den Ikea Hochstuhl Antilop entschieden, da er sehr g\u00fcnstig ist und auch bei diversen Tests sehr gut abgeschnitten hat.&hellip;<a href=\"http:\/\/schottland-mit-baby.de\/?page_id=167\" class=\"button\">Weiterlesen <span class=\"screen-reader-text\">Checkliste<\/span><\/a><\/p>\n<div class=\"addtoany_share_save_container addtoany_content_bottom\"><div class=\"a2a_kit a2a_kit_size_32 addtoany_list\" data-a2a-url=\"http:\/\/schottland-mit-baby.de\/?page_id=167\" data-a2a-title=\"Checkliste\"><a class=\"a2a_button_facebook\" href=\"http:\/\/www.addtoany.com\/add_to\/facebook?linkurl=http%3A%2F%2Fschottland-mit-baby.de%2F%3Fpage_id%3D167&amp;linkname=Checkliste\" title=\"Facebook\" rel=\"nofollow\" target=\"_blank\"><\/a><a class=\"a2a_button_twitter\" href=\"http:\/\/www.addtoany.com\/add_to\/twitter?linkurl=http%3A%2F%2Fschottland-mit-baby.de%2F%3Fpage_id%3D167&amp;linkname=Checkliste\" title=\"Twitter\" rel=\"nofollow\" target=\"_blank\"><\/a><a class=\"a2a_button_google_plus\" href=\"http:\/\/www.addtoany.com\/add_to\/google_plus?linkurl=http%3A%2F%2Fschottland-mit-baby.de%2F%3Fpage_id%3D167&amp;linkname=Checkliste\" title=\"Google+\" rel=\"nofollow\" target=\"_blank\"><\/a><a class=\"a2a_dd addtoany_share_save\" href=\"https:\/\/www.addtoany.com\/share\"><\/a><\/div><\/div>","protected":false},"author":1,"featured_media":81,"parent":0,"menu_order":0,"comment_status":"closed","ping_status":"closed","template":"","meta":[],"_links":{"self":[{"href":"http:\/\/schottland-mit-baby.de\/index.php?rest_route=\/wp\/v2\/pages\/167"}],"collection":[{"href":"http:\/\/schottland-mit-baby.de\/index.php?rest_route=\/wp\/v2\/pages"}],"about":[{"href":"http:\/\/schottland-mit-baby.de\/index.php?rest_route=\/wp\/v2\/types\/page"}],"author":[{"embeddable":true,"href":"http:\/\/schottland-mit-baby.de\/index.php?rest_route=\/wp\/v2\/users\/1"}],"replies":[{"embeddable":true,"href":"http:\/\/schottland-mit-baby.de\/index.php?rest_route=%2Fwp%2Fv2%2Fcomments&post=167"}],"version-history":[{"count":29,"href":"http:\/\/schottland-mit-baby.de\/index.php?rest_route=\/wp\/v2\/pages\/167\/revisions"}],"predecessor-version":[{"id":243,"href":"http:\/\/schottland-mit-baby.de\/index.php?rest_route=\/wp\/v2\/pages\/167\/revisions\/243"}],"wp:featuredmedia":[{"embeddable":true,"href":"http:\/\/schottland-mit-baby.de\/index.php?rest_route=\/wp\/v2\/media\/81"}],"wp:attachment":[{"href":"http:\/\/schottland-mit-baby.de\/index.php?rest_route=%2Fwp%2Fv2%2Fmedia&parent=167"}],"curies":[{"name":"wp","href":"https:\/\/api.w.org\/{rel}","templated":true}]}}