{"id":183,"date":"2016-07-21T21:04:51","date_gmt":"2016-07-21T21:04:51","guid":{"rendered":"http:\/\/blog.katjalangholz.de\/?page_id=183"},"modified":"2016-09-03T11:06:42","modified_gmt":"2016-09-03T11:06:42","slug":"faehrverbindungen","status":"publish","type":"page","link":"http:\/\/schottland-mit-baby.de\/?page_id=183","title":{"rendered":"F\u00e4hrverbindungen"},"content":{"rendered":"<p>Folgende beiden F\u00e4hrverbindungen sind zu empfehlen, um nach Schottland zu gelangen.<\/p>\n<ol>\n<li><strong>Amsterdam &#8211; Newcastle: <\/strong>Am geeignesten ist die F\u00e4hrverbindung von Amsterdam nach Newcastle. Newcastle liegt direkt an der Grenze zu Schottland.<\/li>\n<li><strong>Rotterdam\/Zeebr\u00fcgge &#8211; Kingston upon Hull: <\/strong>Alternativ bietet sich die F\u00e4hrverbindung von Rotterdam nach Hull an. Es sind zwar ca 400 km bis Edinburgh, daf\u00fcr ist aber die Seefahrt k\u00fcrzer.<strong><strong> Infos<br \/>\n<\/strong><\/strong><\/li>\n<\/ol>\n<p>Wir haben die F\u00e4hre von Rotterdam nach Hull genommen, da die andere bereits ausgebucht war und waren sehr zufrieden. Die Kaj\u00fcte bietet ausreichend Platz f\u00fcr ein Kinderbett.<br \/>\n<img decoding=\"async\" loading=\"lazy\" class=\"alignnone size-medium wp-image-107\" src=\"http:\/\/blog.katjalangholz.de\/wp-content\/uploads\/2016\/07\/IMG_8631-1-300x225.jpg\" alt=\"IMG_8631\" width=\"300\" height=\"225\" srcset=\"http:\/\/schottland-mit-baby.de\/wp-content\/uploads\/2016\/07\/IMG_8631-1-300x225.jpg 300w, http:\/\/schottland-mit-baby.de\/wp-content\/uploads\/2016\/07\/IMG_8631-1-768x576.jpg 768w, http:\/\/schottland-mit-baby.de\/wp-content\/uploads\/2016\/07\/IMG_8631-1-480x360.jpg 480w, http:\/\/schottland-mit-baby.de\/wp-content\/uploads\/2016\/07\/IMG_8631-1-333x250.jpg 333w, http:\/\/schottland-mit-baby.de\/wp-content\/uploads\/2016\/07\/IMG_8631-1.jpg 816w\" sizes=\"(max-width: 300px) 100vw, 300px\" \/><\/p>\n<p>Ferner gibt es noch <strong>F\u00e4hrverbindungen nach Dover<\/strong> (von Calais oder D\u00fcnkirchen). Aufgrund der langen Fahrzeit nach Schottland sind diese aber weniger zu empfehlen.<\/p>\n<div class=\"addtoany_share_save_container addtoany_content_bottom\"><div class=\"a2a_kit a2a_kit_size_32 addtoany_list\" data-a2a-url=\"http:\/\/schottland-mit-baby.de\/?page_id=183\" data-a2a-title=\"F\u00e4hrverbindungen\"><a class=\"a2a_button_facebook\" href=\"http:\/\/www.addtoany.com\/add_to\/facebook?linkurl=http%3A%2F%2Fschottland-mit-baby.de%2F%3Fpage_id%3D183&amp;linkname=F%C3%A4hrverbindungen\" title=\"Facebook\" rel=\"nofollow\" target=\"_blank\"><\/a><a class=\"a2a_button_twitter\" href=\"http:\/\/www.addtoany.com\/add_to\/twitter?linkurl=http%3A%2F%2Fschottland-mit-baby.de%2F%3Fpage_id%3D183&amp;linkname=F%C3%A4hrverbindungen\" title=\"Twitter\" rel=\"nofollow\" target=\"_blank\"><\/a><a class=\"a2a_button_google_plus\" href=\"http:\/\/www.addtoany.com\/add_to\/google_plus?linkurl=http%3A%2F%2Fschottland-mit-baby.de%2F%3Fpage_id%3D183&amp;linkname=F%C3%A4hrverbindungen\" title=\"Google+\" rel=\"nofollow\" target=\"_blank\"><\/a><a class=\"a2a_dd addtoany_share_save\" href=\"https:\/\/www.addtoany.com\/share\"><\/a><\/div><\/div>","protected":false},"excerpt":{"rendered":"<p>Folgende beiden F\u00e4hrverbindungen sind zu empfehlen, um nach Schottland zu gelangen. Amsterdam &#8211; Newcastle: Am geeignesten ist die F\u00e4hrverbindung von Amsterdam nach Newcastle. Newcastle liegt direkt an der Grenze zu Schottland. Rotterdam\/Zeebr\u00fcgge &#8211; Kingston upon Hull: Alternativ bietet sich die F\u00e4hrverbindung von Rotterdam nach Hull an. Es sind zwar ca 400 km bis Edinburgh, daf\u00fcr&hellip;<a href=\"http:\/\/schottland-mit-baby.de\/?page_id=183\" class=\"button\">Weiterlesen <span class=\"screen-reader-text\">F\u00e4hrverbindungen<\/span><\/a><\/p>\n<div class=\"addtoany_share_save_container addtoany_content_bottom\"><div class=\"a2a_kit a2a_kit_size_32 addtoany_list\" data-a2a-url=\"http:\/\/schottland-mit-baby.de\/?page_id=183\" data-a2a-title=\"F\u00e4hrverbindungen\"><a class=\"a2a_button_facebook\" href=\"http:\/\/www.addtoany.com\/add_to\/facebook?linkurl=http%3A%2F%2Fschottland-mit-baby.de%2F%3Fpage_id%3D183&amp;linkname=F%C3%A4hrverbindungen\" title=\"Facebook\" rel=\"nofollow\" target=\"_blank\"><\/a><a class=\"a2a_button_twitter\" href=\"http:\/\/www.addtoany.com\/add_to\/twitter?linkurl=http%3A%2F%2Fschottland-mit-baby.de%2F%3Fpage_id%3D183&amp;linkname=F%C3%A4hrverbindungen\" title=\"Twitter\" rel=\"nofollow\" target=\"_blank\"><\/a><a class=\"a2a_button_google_plus\" href=\"http:\/\/www.addtoany.com\/add_to\/google_plus?linkurl=http%3A%2F%2Fschottland-mit-baby.de%2F%3Fpage_id%3D183&amp;linkname=F%C3%A4hrverbindungen\" title=\"Google+\" rel=\"nofollow\" target=\"_blank\"><\/a><a class=\"a2a_dd addtoany_share_save\" href=\"https:\/\/www.addtoany.com\/share\"><\/a><\/div><\/div>","protected":false},"author":1,"featured_media":81,"parent":0,"menu_order":0,"comment_status":"closed","ping_status":"closed","template":"","meta":[],"_links":{"self":[{"href":"http:\/\/schottland-mit-baby.de\/index.php?rest_route=\/wp\/v2\/pages\/183"}],"collection":[{"href":"http:\/\/schottland-mit-baby.de\/index.php?rest_route=\/wp\/v2\/pages"}],"about":[{"href":"http:\/\/schottland-mit-baby.de\/index.php?rest_route=\/wp\/v2\/types\/page"}],"author":[{"embeddable":true,"href":"http:\/\/schottland-mit-baby.de\/index.php?rest_route=\/wp\/v2\/users\/1"}],"replies":[{"embeddable":true,"href":"http:\/\/schottland-mit-baby.de\/index.php?rest_route=%2Fwp%2Fv2%2Fcomments&post=183"}],"version-history":[{"count":9,"href":"http:\/\/schottland-mit-baby.de\/index.php?rest_route=\/wp\/v2\/pages\/183\/revisions"}],"predecessor-version":[{"id":354,"href":"http:\/\/schottland-mit-baby.de\/index.php?rest_route=\/wp\/v2\/pages\/183\/revisions\/354"}],"wp:featuredmedia":[{"embeddable":true,"href":"http:\/\/schottland-mit-baby.de\/index.php?rest_route=\/wp\/v2\/media\/81"}],"wp:attachment":[{"href":"http:\/\/schottland-mit-baby.de\/index.php?rest_route=%2Fwp%2Fv2%2Fmedia&parent=183"}],"curies":[{"name":"wp","href":"https:\/\/api.w.org\/{rel}","templated":true}]}}