{"id":246,"date":"2016-07-23T12:05:30","date_gmt":"2016-07-23T12:05:30","guid":{"rendered":"http:\/\/schottland-mit-baby.de\/?page_id=246"},"modified":"2016-07-23T12:28:14","modified_gmt":"2016-07-23T12:28:14","slug":"camping-mit-baby","status":"publish","type":"page","link":"http:\/\/schottland-mit-baby.de\/?page_id=246","title":{"rendered":"Camping mit Baby"},"content":{"rendered":"<p><strong>Tipps f\u00fcrs Camping mit Baby<\/strong><\/p>\n<p><strong>Kleidung:<\/strong> M\u00fctze, Outdoorkleidung und Matchhose m\u00fcssen mit. F\u00e4ngt das Baby an zu Laufen sind auch die <a href=\"http:\/\/amzn.to\/29UPCUz\">Regenf\u00fc\u00dflinge<\/a> ganz praktisch.<\/p>\n<p><strong>Schlafen:<\/strong> Baby kann bequem in der Mitte Schlafen. Die Betten bieten eine Zwischenfl\u00e4che, wo das Baby dazwischen passt. Meist schl\u00e4ft unser Kind allerdings auf meiner Seite an dem Fenster und ich halb in der Mitte. Auch so schl\u00e4ft es sich halbwegs bequem. Wir lassen unser Baby in einem d\u00fcnnen <a href=\"http:\/\/amzn.to\/2a0rHnh\">Bio-Baumwoll-Schlafsack <\/a>mit \u00c4rmel schlafen, dieser spendet ausreichend W\u00e4rme, denn die N\u00e4chte k\u00f6nnen auch mal k\u00e4lter werden. Nur Not hat unser Campingwagen aber auch eine Heizung.<\/p>\n<p><strong>Essen:<\/strong> Das Essen ist schnell und unkompliziert zubereitet. Wasserkocher und ggf. ein <a href=\"http:\/\/amzn.to\/29UOD6P\">Babykosterw\u00e4rmer<\/a> erweisen sich als hilfreich.<\/p>\n<p><strong>Bad:<\/strong> Hat der Campingwagen ein Bad, macht dies vieles einfacher. Das Baby kann man nach dem Essen einfach sauber machen und man erspart sich den Weg zum Waschh\u00e4uschen.<\/p>\n<p><strong>Wickeln:<\/strong> Wickeln geht unkompliziert auf einem der Betten.<\/p>\n<p><strong>Spielen:<\/strong> Im Wohnwagen ist in der Regel etwas Platz, besser aber noch man verlagert die Spielewiese nach drau\u00dfen. Hilfreich sind ein <a href=\"http:\/\/amzn.to\/2a86c6J\">Reisebettchen<\/a>, das als Spielplatz dient oder eine <a href=\"http:\/\/amzn.to\/29RQugh\">Picknickdecke<\/a>. Denn oft ist der Untergrund aus Steinen und wir haben das Problem, dass unser Baby die Steine beim Spielen in den Mund steckt ;-).<\/p>\n<p><strong>Spielpl\u00e4tze:<\/strong> die meisten Campingpl\u00e4tze haben einen Spielplatz.<\/p>\n<p><strong>Babypflege:<\/strong> alle unsere Campingpl\u00e4tze hatten bisher ein Familienraum, wo man das Baby baden kann. Oft stehen auch ein Wickelraum und eine Badewanne zur Verf\u00fcgung.<\/p>\n<div class=\"addtoany_share_save_container addtoany_content_bottom\"><div class=\"a2a_kit a2a_kit_size_32 addtoany_list\" data-a2a-url=\"http:\/\/schottland-mit-baby.de\/?page_id=246\" data-a2a-title=\"Camping mit Baby\"><a class=\"a2a_button_facebook\" href=\"http:\/\/www.addtoany.com\/add_to\/facebook?linkurl=http%3A%2F%2Fschottland-mit-baby.de%2F%3Fpage_id%3D246&amp;linkname=Camping%20mit%20Baby\" title=\"Facebook\" rel=\"nofollow\" target=\"_blank\"><\/a><a class=\"a2a_button_twitter\" href=\"http:\/\/www.addtoany.com\/add_to\/twitter?linkurl=http%3A%2F%2Fschottland-mit-baby.de%2F%3Fpage_id%3D246&amp;linkname=Camping%20mit%20Baby\" title=\"Twitter\" rel=\"nofollow\" target=\"_blank\"><\/a><a class=\"a2a_button_google_plus\" href=\"http:\/\/www.addtoany.com\/add_to\/google_plus?linkurl=http%3A%2F%2Fschottland-mit-baby.de%2F%3Fpage_id%3D246&amp;linkname=Camping%20mit%20Baby\" title=\"Google+\" rel=\"nofollow\" target=\"_blank\"><\/a><a class=\"a2a_dd addtoany_share_save\" href=\"https:\/\/www.addtoany.com\/share\"><\/a><\/div><\/div>","protected":false},"excerpt":{"rendered":"<p>Tipps f\u00fcrs Camping mit Baby Kleidung: M\u00fctze, Outdoorkleidung und Matchhose m\u00fcssen mit. F\u00e4ngt das Baby an zu Laufen sind auch die Regenf\u00fc\u00dflinge ganz praktisch. Schlafen: Baby kann bequem in der Mitte Schlafen. Die Betten bieten eine Zwischenfl\u00e4che, wo das Baby dazwischen passt. Meist schl\u00e4ft unser Kind allerdings auf meiner Seite an dem Fenster und ich&hellip;<a href=\"http:\/\/schottland-mit-baby.de\/?page_id=246\" class=\"button\">Weiterlesen <span class=\"screen-reader-text\">Camping mit Baby<\/span><\/a><\/p>\n<div class=\"addtoany_share_save_container addtoany_content_bottom\"><div class=\"a2a_kit a2a_kit_size_32 addtoany_list\" data-a2a-url=\"http:\/\/schottland-mit-baby.de\/?page_id=246\" data-a2a-title=\"Camping mit Baby\"><a class=\"a2a_button_facebook\" href=\"http:\/\/www.addtoany.com\/add_to\/facebook?linkurl=http%3A%2F%2Fschottland-mit-baby.de%2F%3Fpage_id%3D246&amp;linkname=Camping%20mit%20Baby\" title=\"Facebook\" rel=\"nofollow\" target=\"_blank\"><\/a><a class=\"a2a_button_twitter\" href=\"http:\/\/www.addtoany.com\/add_to\/twitter?linkurl=http%3A%2F%2Fschottland-mit-baby.de%2F%3Fpage_id%3D246&amp;linkname=Camping%20mit%20Baby\" title=\"Twitter\" rel=\"nofollow\" target=\"_blank\"><\/a><a class=\"a2a_button_google_plus\" href=\"http:\/\/www.addtoany.com\/add_to\/google_plus?linkurl=http%3A%2F%2Fschottland-mit-baby.de%2F%3Fpage_id%3D246&amp;linkname=Camping%20mit%20Baby\" title=\"Google+\" rel=\"nofollow\" target=\"_blank\"><\/a><a class=\"a2a_dd addtoany_share_save\" href=\"https:\/\/www.addtoany.com\/share\"><\/a><\/div><\/div>","protected":false},"author":1,"featured_media":81,"parent":0,"menu_order":0,"comment_status":"closed","ping_status":"closed","template":"","meta":[],"_links":{"self":[{"href":"http:\/\/schottland-mit-baby.de\/index.php?rest_route=\/wp\/v2\/pages\/246"}],"collection":[{"href":"http:\/\/schottland-mit-baby.de\/index.php?rest_route=\/wp\/v2\/pages"}],"about":[{"href":"http:\/\/schottland-mit-baby.de\/index.php?rest_route=\/wp\/v2\/types\/page"}],"author":[{"embeddable":true,"href":"http:\/\/schottland-mit-baby.de\/index.php?rest_route=\/wp\/v2\/users\/1"}],"replies":[{"embeddable":true,"href":"http:\/\/schottland-mit-baby.de\/index.php?rest_route=%2Fwp%2Fv2%2Fcomments&post=246"}],"version-history":[{"count":5,"href":"http:\/\/schottland-mit-baby.de\/index.php?rest_route=\/wp\/v2\/pages\/246\/revisions"}],"predecessor-version":[{"id":254,"href":"http:\/\/schottland-mit-baby.de\/index.php?rest_route=\/wp\/v2\/pages\/246\/revisions\/254"}],"wp:featuredmedia":[{"embeddable":true,"href":"http:\/\/schottland-mit-baby.de\/index.php?rest_route=\/wp\/v2\/media\/81"}],"wp:attachment":[{"href":"http:\/\/schottland-mit-baby.de\/index.php?rest_route=%2Fwp%2Fv2%2Fmedia&parent=246"}],"curies":[{"name":"wp","href":"https:\/\/api.w.org\/{rel}","templated":true}]}}