{"id":255,"date":"2016-07-23T12:35:32","date_gmt":"2016-07-23T12:35:32","guid":{"rendered":"http:\/\/schottland-mit-baby.de\/?page_id=255"},"modified":"2016-07-23T12:36:30","modified_gmt":"2016-07-23T12:36:30","slug":"impressum","status":"publish","type":"page","link":"http:\/\/schottland-mit-baby.de\/?page_id=255","title":{"rendered":"Impressum"},"content":{"rendered":"<p><strong>Kontakt<\/strong><br \/>\nKatja Langholz<br \/>\nS\u00fcdendstr.26<br \/>\n76137 Karlsruhe<br \/>\ninfo@katjalangholz.de<\/p>\n<p><strong>Registereintrag<\/strong><br \/>\nin Bearbeitung<\/p>\n<p><strong>Haftung f\u00fcr Links<\/strong><br \/>\nMein Blog enth\u00e4lt Links zu externen Webseiten Dritter, auf deren Inhalte ich\u00a0 keinen Einfluss habe. Deshalb kann ich f\u00fcr diese fremden Inhalte auch keine Gew\u00e4hr \u00fcbernehmen. F\u00fcr die Inhalte der verlinkten Seiten ist stets der jeweilige Anbieter oder Betreiber der Seiten verantwortlich. Die verlinkten Seiten wurden zum Zeitpunkt der Verlinkung auf m\u00f6gliche Rechtsverst\u00f6\u00dfe \u00fcberpr\u00fcft. Rechtswidrige Inhalte waren zum Zeitpunkt der Verlinkung nicht erkennbar. Eine permanente inhaltliche Kontrolle der verlinkten Seiten ist jedoch ohne konkrete Anhaltspunkte einer Rechtsverletzung nicht zumutbar. Bei Bekanntwerden von Rechtsverletzungen werde ich derartige Links umgehend entfernen.<\/p>\n<p><strong>Partnerprogramme<\/strong><br \/>\nschottland-mit-baby ist Teilnehmer des Partnerprogramms von Amazon EU, das zur Bereitstellung eines Mediums f\u00fcr Websites konzipiert wurde, mittels dessen durch die Platzierung von Werbeanzeigen und Links zu Amazon.de Werbekostenerstattung verdient werden kann.<\/p>\n<div class=\"page_back\"><\/div>\n<div class=\"addtoany_share_save_container addtoany_content_bottom\"><div class=\"a2a_kit a2a_kit_size_32 addtoany_list\" data-a2a-url=\"http:\/\/schottland-mit-baby.de\/?page_id=255\" data-a2a-title=\"Impressum\"><a class=\"a2a_button_facebook\" href=\"http:\/\/www.addtoany.com\/add_to\/facebook?linkurl=http%3A%2F%2Fschottland-mit-baby.de%2F%3Fpage_id%3D255&amp;linkname=Impressum\" title=\"Facebook\" rel=\"nofollow\" target=\"_blank\"><\/a><a class=\"a2a_button_twitter\" href=\"http:\/\/www.addtoany.com\/add_to\/twitter?linkurl=http%3A%2F%2Fschottland-mit-baby.de%2F%3Fpage_id%3D255&amp;linkname=Impressum\" title=\"Twitter\" rel=\"nofollow\" target=\"_blank\"><\/a><a class=\"a2a_button_google_plus\" href=\"http:\/\/www.addtoany.com\/add_to\/google_plus?linkurl=http%3A%2F%2Fschottland-mit-baby.de%2F%3Fpage_id%3D255&amp;linkname=Impressum\" title=\"Google+\" rel=\"nofollow\" target=\"_blank\"><\/a><a class=\"a2a_dd addtoany_share_save\" href=\"https:\/\/www.addtoany.com\/share\"><\/a><\/div><\/div>","protected":false},"excerpt":{"rendered":"<p>Kontakt Katja Langholz S\u00fcdendstr.26 76137 Karlsruhe info@katjalangholz.de Registereintrag in Bearbeitung Haftung f\u00fcr Links Mein Blog enth\u00e4lt Links zu externen Webseiten Dritter, auf deren Inhalte ich\u00a0 keinen Einfluss habe. Deshalb kann ich f\u00fcr diese fremden Inhalte auch keine Gew\u00e4hr \u00fcbernehmen. F\u00fcr die Inhalte der verlinkten Seiten ist stets der jeweilige Anbieter oder Betreiber der Seiten verantwortlich.&hellip;<a href=\"http:\/\/schottland-mit-baby.de\/?page_id=255\" class=\"button\">Weiterlesen <span class=\"screen-reader-text\">Impressum<\/span><\/a><\/p>\n<div class=\"addtoany_share_save_container addtoany_content_bottom\"><div class=\"a2a_kit a2a_kit_size_32 addtoany_list\" data-a2a-url=\"http:\/\/schottland-mit-baby.de\/?page_id=255\" data-a2a-title=\"Impressum\"><a class=\"a2a_button_facebook\" href=\"http:\/\/www.addtoany.com\/add_to\/facebook?linkurl=http%3A%2F%2Fschottland-mit-baby.de%2F%3Fpage_id%3D255&amp;linkname=Impressum\" title=\"Facebook\" rel=\"nofollow\" target=\"_blank\"><\/a><a class=\"a2a_button_twitter\" href=\"http:\/\/www.addtoany.com\/add_to\/twitter?linkurl=http%3A%2F%2Fschottland-mit-baby.de%2F%3Fpage_id%3D255&amp;linkname=Impressum\" title=\"Twitter\" rel=\"nofollow\" target=\"_blank\"><\/a><a class=\"a2a_button_google_plus\" href=\"http:\/\/www.addtoany.com\/add_to\/google_plus?linkurl=http%3A%2F%2Fschottland-mit-baby.de%2F%3Fpage_id%3D255&amp;linkname=Impressum\" title=\"Google+\" rel=\"nofollow\" target=\"_blank\"><\/a><a class=\"a2a_dd addtoany_share_save\" href=\"https:\/\/www.addtoany.com\/share\"><\/a><\/div><\/div>","protected":false},"author":1,"featured_media":0,"parent":0,"menu_order":0,"comment_status":"closed","ping_status":"closed","template":"","meta":[],"_links":{"self":[{"href":"http:\/\/schottland-mit-baby.de\/index.php?rest_route=\/wp\/v2\/pages\/255"}],"collection":[{"href":"http:\/\/schottland-mit-baby.de\/index.php?rest_route=\/wp\/v2\/pages"}],"about":[{"href":"http:\/\/schottland-mit-baby.de\/index.php?rest_route=\/wp\/v2\/types\/page"}],"author":[{"embeddable":true,"href":"http:\/\/schottland-mit-baby.de\/index.php?rest_route=\/wp\/v2\/users\/1"}],"replies":[{"embeddable":true,"href":"http:\/\/schottland-mit-baby.de\/index.php?rest_route=%2Fwp%2Fv2%2Fcomments&post=255"}],"version-history":[{"count":3,"href":"http:\/\/schottland-mit-baby.de\/index.php?rest_route=\/wp\/v2\/pages\/255\/revisions"}],"predecessor-version":[{"id":259,"href":"http:\/\/schottland-mit-baby.de\/index.php?rest_route=\/wp\/v2\/pages\/255\/revisions\/259"}],"wp:attachment":[{"href":"http:\/\/schottland-mit-baby.de\/index.php?rest_route=%2Fwp%2Fv2%2Fmedia&parent=255"}],"curies":[{"name":"wp","href":"https:\/\/api.w.org\/{rel}","templated":true}]}}