{"id":26,"date":"2016-07-04T17:16:33","date_gmt":"2016-07-04T17:16:33","guid":{"rendered":"http:\/\/blog.katjalangholz.de\/?page_id=26"},"modified":"2016-07-21T16:18:28","modified_gmt":"2016-07-21T16:18:28","slug":"ueber-schottland","status":"publish","type":"page","link":"http:\/\/schottland-mit-baby.de\/?page_id=26","title":{"rendered":"M\u00fcckenschutz"},"content":{"rendered":"<p>Midges &#8211; M\u00fccken in Schottland: ja es soll sie geben, bisher sind sie uns noch nicht begenet.<\/p>\n<p>F\u00fcr alle F\u00e4lle haben wir Lavendel\u00f6l eingepackt und M\u00fcckenabwehrspray werden wir uns in Edinburgh besorgen. Auch soll es sinnvoll sein, sich ein spezielles M\u00fcckennetz zuzulegen, die \u00fcblichen in M\u00fcckennetze sollen n\u00e4mlich nicht gen\u00fcgend Schutz bieten. Hier werden wir uns in Edinburgh ebenfalls umsehen. In den Highlands soll man dazu keine Gelegenheit mehr haben.<br \/>\nNachtrag: wir haben uns in Edinburgh gut eingedeckt. Es gibt sogar extra M\u00fcckenschutz f\u00fcrs Baby ab 6 Monate.<\/p>\n<p><img decoding=\"async\" loading=\"lazy\" class=\"alignnone size-medium wp-image-162\" src=\"http:\/\/blog.katjalangholz.de\/wp-content\/uploads\/2016\/07\/IMG_8981-300x225.jpg\" alt=\"IMG_8981\" width=\"300\" height=\"225\" srcset=\"http:\/\/schottland-mit-baby.de\/wp-content\/uploads\/2016\/07\/IMG_8981-300x225.jpg 300w, http:\/\/schottland-mit-baby.de\/wp-content\/uploads\/2016\/07\/IMG_8981-768x576.jpg 768w, http:\/\/schottland-mit-baby.de\/wp-content\/uploads\/2016\/07\/IMG_8981-480x360.jpg 480w, http:\/\/schottland-mit-baby.de\/wp-content\/uploads\/2016\/07\/IMG_8981-333x250.jpg 333w, http:\/\/schottland-mit-baby.de\/wp-content\/uploads\/2016\/07\/IMG_8981.jpg 816w\" sizes=\"(max-width: 300px) 100vw, 300px\" \/><\/p>\n<p>Auf dem Campingplatz in Loch Lomond wird von den Midges sichtlich gewarnt \ud83d\ude09 wir haben allerdings bisher noch keine gesehen &#8211; vielleicht haben wir ja weiterhin Gl\u00fcck und wir werden verschohnt \ud83d\ude09<\/p>\n<p><img decoding=\"async\" loading=\"lazy\" class=\"alignnone size-medium wp-image-160\" src=\"http:\/\/blog.katjalangholz.de\/wp-content\/uploads\/2016\/07\/IMG_8970-300x225.jpg\" alt=\"IMG_8970\" width=\"300\" height=\"225\" srcset=\"http:\/\/schottland-mit-baby.de\/wp-content\/uploads\/2016\/07\/IMG_8970-300x225.jpg 300w, http:\/\/schottland-mit-baby.de\/wp-content\/uploads\/2016\/07\/IMG_8970-768x576.jpg 768w, http:\/\/schottland-mit-baby.de\/wp-content\/uploads\/2016\/07\/IMG_8970-480x360.jpg 480w, http:\/\/schottland-mit-baby.de\/wp-content\/uploads\/2016\/07\/IMG_8970-333x250.jpg 333w, http:\/\/schottland-mit-baby.de\/wp-content\/uploads\/2016\/07\/IMG_8970.jpg 816w\" sizes=\"(max-width: 300px) 100vw, 300px\" \/><\/p>\n<div class=\"addtoany_share_save_container addtoany_content_bottom\"><div class=\"a2a_kit a2a_kit_size_32 addtoany_list\" data-a2a-url=\"http:\/\/schottland-mit-baby.de\/?page_id=26\" data-a2a-title=\"M\u00fcckenschutz\"><a class=\"a2a_button_facebook\" href=\"http:\/\/www.addtoany.com\/add_to\/facebook?linkurl=http%3A%2F%2Fschottland-mit-baby.de%2F%3Fpage_id%3D26&amp;linkname=M%C3%BCckenschutz\" title=\"Facebook\" rel=\"nofollow\" target=\"_blank\"><\/a><a class=\"a2a_button_twitter\" href=\"http:\/\/www.addtoany.com\/add_to\/twitter?linkurl=http%3A%2F%2Fschottland-mit-baby.de%2F%3Fpage_id%3D26&amp;linkname=M%C3%BCckenschutz\" title=\"Twitter\" rel=\"nofollow\" target=\"_blank\"><\/a><a class=\"a2a_button_google_plus\" href=\"http:\/\/www.addtoany.com\/add_to\/google_plus?linkurl=http%3A%2F%2Fschottland-mit-baby.de%2F%3Fpage_id%3D26&amp;linkname=M%C3%BCckenschutz\" title=\"Google+\" rel=\"nofollow\" target=\"_blank\"><\/a><a class=\"a2a_dd addtoany_share_save\" href=\"https:\/\/www.addtoany.com\/share\"><\/a><\/div><\/div>","protected":false},"excerpt":{"rendered":"<p>Midges &#8211; M\u00fccken in Schottland: ja es soll sie geben, bisher sind sie uns noch nicht begenet. F\u00fcr alle F\u00e4lle haben wir Lavendel\u00f6l eingepackt und M\u00fcckenabwehrspray werden wir uns in Edinburgh besorgen. Auch soll es sinnvoll sein, sich ein spezielles M\u00fcckennetz zuzulegen, die \u00fcblichen in M\u00fcckennetze sollen n\u00e4mlich nicht gen\u00fcgend Schutz bieten. Hier werden wir&hellip;<a href=\"http:\/\/schottland-mit-baby.de\/?page_id=26\" class=\"button\">Weiterlesen <span class=\"screen-reader-text\">M\u00fcckenschutz<\/span><\/a><\/p>\n<div class=\"addtoany_share_save_container addtoany_content_bottom\"><div class=\"a2a_kit a2a_kit_size_32 addtoany_list\" data-a2a-url=\"http:\/\/schottland-mit-baby.de\/?page_id=26\" data-a2a-title=\"M\u00fcckenschutz\"><a class=\"a2a_button_facebook\" href=\"http:\/\/www.addtoany.com\/add_to\/facebook?linkurl=http%3A%2F%2Fschottland-mit-baby.de%2F%3Fpage_id%3D26&amp;linkname=M%C3%BCckenschutz\" title=\"Facebook\" rel=\"nofollow\" target=\"_blank\"><\/a><a class=\"a2a_button_twitter\" href=\"http:\/\/www.addtoany.com\/add_to\/twitter?linkurl=http%3A%2F%2Fschottland-mit-baby.de%2F%3Fpage_id%3D26&amp;linkname=M%C3%BCckenschutz\" title=\"Twitter\" rel=\"nofollow\" target=\"_blank\"><\/a><a class=\"a2a_button_google_plus\" href=\"http:\/\/www.addtoany.com\/add_to\/google_plus?linkurl=http%3A%2F%2Fschottland-mit-baby.de%2F%3Fpage_id%3D26&amp;linkname=M%C3%BCckenschutz\" title=\"Google+\" rel=\"nofollow\" target=\"_blank\"><\/a><a class=\"a2a_dd addtoany_share_save\" href=\"https:\/\/www.addtoany.com\/share\"><\/a><\/div><\/div>","protected":false},"author":1,"featured_media":80,"parent":0,"menu_order":0,"comment_status":"closed","ping_status":"closed","template":"","meta":[],"_links":{"self":[{"href":"http:\/\/schottland-mit-baby.de\/index.php?rest_route=\/wp\/v2\/pages\/26"}],"collection":[{"href":"http:\/\/schottland-mit-baby.de\/index.php?rest_route=\/wp\/v2\/pages"}],"about":[{"href":"http:\/\/schottland-mit-baby.de\/index.php?rest_route=\/wp\/v2\/types\/page"}],"author":[{"embeddable":true,"href":"http:\/\/schottland-mit-baby.de\/index.php?rest_route=\/wp\/v2\/users\/1"}],"replies":[{"embeddable":true,"href":"http:\/\/schottland-mit-baby.de\/index.php?rest_route=%2Fwp%2Fv2%2Fcomments&post=26"}],"version-history":[{"count":13,"href":"http:\/\/schottland-mit-baby.de\/index.php?rest_route=\/wp\/v2\/pages\/26\/revisions"}],"predecessor-version":[{"id":163,"href":"http:\/\/schottland-mit-baby.de\/index.php?rest_route=\/wp\/v2\/pages\/26\/revisions\/163"}],"wp:featuredmedia":[{"embeddable":true,"href":"http:\/\/schottland-mit-baby.de\/index.php?rest_route=\/wp\/v2\/media\/80"}],"wp:attachment":[{"href":"http:\/\/schottland-mit-baby.de\/index.php?rest_route=%2Fwp%2Fv2%2Fmedia&parent=26"}],"curies":[{"name":"wp","href":"https:\/\/api.w.org\/{rel}","templated":true}]}}